{"id":534,"date":"2021-05-28T12:51:24","date_gmt":"2021-05-28T12:51:24","guid":{"rendered":"https:\/\/next.brenger.nl\/nl-be\/duurzaamheid\/"},"modified":"2024-02-12T12:54:19","modified_gmt":"2024-02-12T12:54:19","slug":"duurzaamheid","status":"publish","type":"page","link":"https:\/\/www.brenger.be\/nl-be\/duurzaamheid\/","title":{"rendered":"Duurzaamheid"},"content":{"rendered":"\n        <section class=\"split-content split-content--left theme--primary split-content--picture-contain split-content--center-text\">\n                            <span class=\"land-here\" id=\"13-rondjes-om-de-aarde-zoveel-co2-besparen-wij-elke-maand\"><\/span>\n                        <div class=\"container-fluid\">\n                <div class=\"row\">\n                    <div class=\"col col-image col-12 col-md-6 section-space--y order-2 md:order-none\">\n                                                    <div class=\"split-content--image\">\n                                <picture>\n                                    <source media=\"--small\" data-srcset=\"https:\/\/www.brenger.be\/nl-be\/wp-content\/uploads\/sites\/5\/2023\/12\/kopie-van-last-chance.svg\">\n                                    <source media=\"--large\" data-srcset=\"https:\/\/www.brenger.be\/nl-be\/wp-content\/uploads\/sites\/5\/2023\/12\/kopie-van-last-chance.svg\">\n                                    <source data-srcset=\"https:\/\/www.brenger.be\/nl-be\/wp-content\/uploads\/sites\/5\/2023\/12\/kopie-van-last-chance.svg\">\n                                    <img data-src=\"https:\/\/www.brenger.be\/nl-be\/wp-content\/uploads\/sites\/5\/2023\/12\/kopie-van-last-chance.svg\" class=\"lazyload\">\n                                <\/picture>\n                            <\/div>\n                                            <\/div>\n                    <div class=\"col-text col col-12 col-md-6 section-space--y order-1 md:order-none\">\n                        <div class=\"split-content--text markdown\">\n                            \n\n<h1 class=\"wp-block-heading\">13 rondjes om de aarde, zoveel CO2 besparen wij elke maand<\/h1>\n\n\n\n<h5 class=\"wp-block-heading\">Samen verlagen we onze gezamenlijke CO2-uitstoot. En daar zijn we trots op!<\/h5>\n\n                        <\/div>\n                    <\/div>\n                <\/div>\n            <\/div>\n        <\/section>\n\n\n\n        <section class=\"split-content split-content--left theme--white split-content--picture-contain split-content--center-text\">\n                            <span class=\"land-here\" id=\"co2-uitstoot-van-wegverkeer\"><\/span>\n                        <div class=\"container-fluid\">\n                <div class=\"row\">\n                    <div class=\"col col-image col-12 col-md-6 section-space--y order-2 md:order-none\">\n                                            <\/div>\n                    <div class=\"col-text col col-12 col-md-6 section-space--y order-1 md:order-none\">\n                        <div class=\"split-content--text markdown\">\n                            \n\n<h2 class=\"wp-block-heading\">CO2-uitstoot van wegverkeer<\/h2>\n\n\n\n<p>20% van de Vlaamse CO2-uitstoot komt van wegverkeer. En dat kan minder! Elke dag rijden er enorm veel Bestelwagens rond met onbenutte ruimte. Niet effici\u00ebnt, duur en al helemaal niet duurzaam. Met onze innovatieve technologie cre\u00ebren wij de meest effici\u00ebnte route voor het transport van grote spullen. De koerier heeft meer werk \u00e9n rijdt minder onnodige kilometers. Zo verminderen we samen de CO2-uitstoot.<\/p>\n\n                        <\/div>\n                    <\/div>\n                <\/div>\n            <\/div>\n        <\/section>\n\n\n\n<section class=\"theme--primary section-space--y\"><div class=\"container markdown\">\n<h2 class=\"wp-block-heading\">Onze impact<\/h2>\n\n\n        <div class=\"row justify-center featured--usps-big featured-four-plus\">\n                                <div class=\"usps-big--item section-space--y--50 align--center\">\n                        <div class=\"usps-big--image pb-5\">\n                            <img data-src=\"https:\/\/www.brenger.be\/nl-be\/wp-content\/uploads\/sites\/5\/2024\/01\/location_route_icon.svg\" class=\"lazyload\" \/>\n                        <\/div>\n                                                    <h3 class=\"usps-big--title text--bold\">\n                                                            <\/h3>\n                                                <div class=\"usps-big--text\">\n                            <p>Er zijn <strong>19.393.240<\/strong><strong>\u00a0onnodige kilometers<\/strong>\u00a0bespaard.<\/p>\n                        <\/div>\n                    <\/div>\n                                <div class=\"usps-big--item section-space--y--50 align--center\">\n                        <div class=\"usps-big--image pb-5\">\n                            <img data-src=\"https:\/\/www.brenger.be\/nl-be\/wp-content\/uploads\/sites\/5\/2024\/01\/plane_vliegtuig.svg\" class=\"lazyload\" \/>\n                        <\/div>\n                                                    <h3 class=\"usps-big--title text--bold\">\n                                                            <\/h3>\n                                                <div class=\"usps-big--text\">\n                            <p>Dit staat gelijk aan <strong>2.115 vluchten<\/strong><strong>\u00a0van Amsterdam naar Bangkok!<\/strong><\/p>\n                        <\/div>\n                    <\/div>\n                                <div class=\"usps-big--item section-space--y--50 align--center\">\n                        <div class=\"usps-big--image pb-5\">\n                            <img data-src=\"https:\/\/www.brenger.be\/nl-be\/wp-content\/uploads\/sites\/5\/2024\/01\/furniture_meubel-1-.svg\" class=\"lazyload\" \/>\n                        <\/div>\n                                                    <h3 class=\"usps-big--title text--bold\">\n                                                            <\/h3>\n                                                <div class=\"usps-big--text\">\n                            <p>Er is aanschaf van\u00a0<strong>19.859 nieuwe meubels<\/strong>\u00a0voorkomen.<\/p>\n                        <\/div>\n                    <\/div>\n                                <div class=\"usps-big--item section-space--y--50 align--center\">\n                        <div class=\"usps-big--image pb-5\">\n                            <img data-src=\"https:\/\/www.brenger.be\/nl-be\/wp-content\/uploads\/sites\/5\/2024\/01\/co2_emissions_uitstoot.svg\" class=\"lazyload\" \/>\n                        <\/div>\n                                                    <h3 class=\"usps-big--title text--bold\">\n                                                            <\/h3>\n                                                <div class=\"usps-big--text\">\n                            <p>Samen is dit een besparing van <strong>4.095<\/strong><strong>\u00a0ton CO2-uitstoot!<\/strong><\/p>\n                        <\/div>\n                    <\/div>\n                                <div class=\"usps-big--item section-space--y--50 align--center\">\n                        <div class=\"usps-big--image pb-5\">\n                            <img data-src=\"https:\/\/www.brenger.be\/nl-be\/wp-content\/uploads\/sites\/5\/2024\/01\/fridge_koelkast.svg\" class=\"lazyload\" \/>\n                        <\/div>\n                                                    <h3 class=\"usps-big--title text--bold\">\n                                                            <\/h3>\n                                                <div class=\"usps-big--text\">\n                            <p>Dat is ongeveer het gewicht van <strong> 27.301 Amerikaanse koelkasten<\/strong><\/p>\n                        <\/div>\n                    <\/div>\n                                <div class=\"usps-big--item section-space--y--50 align--center\">\n                        <div class=\"usps-big--image pb-5\">\n                            <img data-src=\"https:\/\/www.brenger.be\/nl-be\/wp-content\/uploads\/sites\/5\/2024\/01\/shower_douche.svg\" class=\"lazyload\" \/>\n                        <\/div>\n                                                    <h3 class=\"usps-big--title text--bold\">\n                                                            <\/h3>\n                                                <div class=\"usps-big--text\">\n                            <p>En staat gelijk aan de uitstoot van <strong> 2.007.498 t<\/strong><strong>\u00a0douchebeurten.<\/strong><\/p>\n                        <\/div>\n                    <\/div>\n                                <div class=\"usps-big--item section-space--y--50 align--center\">\n                        <div class=\"usps-big--image pb-5\">\n                            <img data-src=\"https:\/\/www.brenger.be\/nl-be\/wp-content\/uploads\/sites\/5\/2024\/01\/bomen_trees.svg\" class=\"lazyload\" \/>\n                        <\/div>\n                                                    <h3 class=\"usps-big--title text--bold\">\n                                                            <\/h3>\n                                                <div class=\"usps-big--text\">\n                            <p>Om zoveel CO2 in <strong>1 jaar<\/strong> te absorberen zijn er <strong>188.289\u00a0bomen <\/strong>nodig.<\/p>\n                        <\/div>\n                    <\/div>\n                    <\/div>\n\n    <\/div><\/section>\n\n\n\n        <section class=\"split-content split-content--left theme--white split-content--picture-contain split-content--center-text\">\n                            <span class=\"land-here\" id=\"onze-missie\"><\/span>\n                        <div class=\"container-fluid\">\n                <div class=\"row\">\n                    <div class=\"col col-image col-12 col-md-6 section-space--y order-2 md:order-none\">\n                                            <\/div>\n                    <div class=\"col-text col col-12 col-md-6 section-space--y order-1 md:order-none\">\n                        <div class=\"split-content--text markdown\">\n                            \n\n<h2 class=\"wp-block-heading\">Onze missie<\/h2>\n\n\n\n<p>Elk busje, dat toch al onderweg is, zo goed mogelijk vullen. Daar wordt iedereen blij van: de koerier, het milieu en jouw portemonnee. Win-win-win! Samen kunnen CO2-uitstoot veroorzaakt door wegverkeer verlagen. Doe je mee?<\/p>\n\n                        <\/div>\n                    <\/div>\n                <\/div>\n            <\/div>\n        <\/section>\n\n\n\n<section class=\"theme--primary--light section-space--y\"><div class=\"container markdown\">\n<h2 class=\"wp-block-heading\">Hoe we onze impact vergroten<\/h2>\n\n\n        <div class=\"row justify-center featured--usps-big\">\n                                <div class=\"usps-big--item section-space--y--50 align--center\">\n                        <div class=\"usps-big--image pb-5\">\n                            <img data-src=\"https:\/\/www.brenger.be\/nl-be\/wp-content\/uploads\/sites\/5\/2023\/12\/zakgeld_18.svg\" class=\"lazyload\" \/>\n                        <\/div>\n                                                    <h3 class=\"usps-big--title text--bold\">\n                                Duurzaam is het voordeligst                            <\/h3>\n                                                <div class=\"usps-big--text\">\n                            <p>Duurzaamste bezorgoptie hoeft niet duur te zijn. Bij ons is het juist de voordeligste keuze.<\/p>\n                        <\/div>\n                    <\/div>\n                                <div class=\"usps-big--item section-space--y--50 align--center\">\n                        <div class=\"usps-big--image pb-5\">\n                            <img data-src=\"https:\/\/www.brenger.be\/nl-be\/wp-content\/uploads\/sites\/5\/2023\/12\/slimme-bundelingg.svg\" class=\"lazyload\" \/>\n                        <\/div>\n                                                    <h3 class=\"usps-big--title text--bold\">\n                                Slimme combinaties                            <\/h3>\n                                                <div class=\"usps-big--text\">\n                            <p>Hoe meer transporten, hoe slimmer, effici\u00ebnter en voordeliger wij transporten kunnen combineren.<\/p>\n                        <\/div>\n                    <\/div>\n                                <div class=\"usps-big--item section-space--y--50 align--center\">\n                        <div class=\"usps-big--image pb-5\">\n                            <img data-src=\"https:\/\/www.brenger.be\/nl-be\/wp-content\/uploads\/sites\/5\/2023\/12\/bus.svg\" class=\"lazyload\" \/>\n                        <\/div>\n                                                    <h3 class=\"usps-big--title text--bold\">\n                                99,8% bezorgd bij de eerste poging                            <\/h3>\n                                                <div class=\"usps-big--text\">\n                            <p>Onze koeriers en klanten zijn direct met elkaar in contact. Dat zorgt voor succes bij de eerste poging.<\/p>\n                        <\/div>\n                    <\/div>\n                    <\/div>\n\n    <\/div><\/section>\n\n\n\n        <section class=\"split-content split-content--left theme--white split-content--picture-cover split-content--center-text\">\n                            <span class=\"land-here\" id=\"voorbeeld\"><\/span>\n                        <div class=\"container-fluid\">\n                <div class=\"row\">\n                    <div class=\"col col-image col-12 col-md-6 section-space--y order-2 md:order-none\">\n                                                    <div class=\"split-content--image\">\n                                <picture>\n                                    <source media=\"--small\" data-srcset=\"https:\/\/www.brenger.be\/nl-be\/wp-content\/uploads\/sites\/5\/2023\/12\/kaart-1-1-.svg\">\n                                    <source media=\"--large\" data-srcset=\"https:\/\/www.brenger.be\/nl-be\/wp-content\/uploads\/sites\/5\/2023\/12\/kaart-1-1-.svg\">\n                                    <source data-srcset=\"https:\/\/www.brenger.be\/nl-be\/wp-content\/uploads\/sites\/5\/2023\/12\/kaart-1-1-.svg\">\n                                    <img data-src=\"https:\/\/www.brenger.be\/nl-be\/wp-content\/uploads\/sites\/5\/2023\/12\/kaart-1-1-.svg\" class=\"lazyload\">\n                                <\/picture>\n                            <\/div>\n                                            <\/div>\n                    <div class=\"col-text col col-12 col-md-6 section-space--y order-1 md:order-none\">\n                        <div class=\"split-content--text markdown\">\n                            \n\n<h2 class=\"wp-block-heading\">Voorbeeld<\/h2>\n\n\n\n<p>Stel, je moet een zetel van Oostende naar Luik vervoeren. Door niet zelf op en neer te rijden en een Brenger koerier het te laten meenemen, bespaart u gemiddeld <strong>48.4 kg CO2<\/strong> op het transport van <strong>210 km.<\/strong> Dat staat gelijk aan de CO2-uitstoot van <strong>26,8 hamburgers<\/strong> \ud83c\udf54 of <strong>89,8 douchebeurten<\/strong> \ud83d\udebf.<\/p>\n\n                        <\/div>\n                    <\/div>\n                <\/div>\n            <\/div>\n        <\/section>\n\n\n\n        <section class=\"split-content split-content--left theme--primary split-content--picture-contain split-content--center-text\">\n                            <span class=\"land-here\" id=\"wij-zijn-brenger\"><\/span>\n                        <div class=\"container-fluid\">\n                <div class=\"row\">\n                    <div class=\"col col-image col-12 col-md-6 section-space--y order-2 md:order-none\">\n                                                    <div class=\"split-content--image\">\n                                <picture>\n                                    <source media=\"--small\" data-srcset=\"https:\/\/www.brenger.be\/nl-be\/wp-content\/uploads\/sites\/5\/2023\/12\/teamfoto-1920x1080-december-2020-550x400.png\">\n                                    <source media=\"--large\" data-srcset=\"https:\/\/www.brenger.be\/nl-be\/wp-content\/uploads\/sites\/5\/2023\/12\/teamfoto-1920x1080-december-2020-1024x576.png\">\n                                    <source data-srcset=\"https:\/\/www.brenger.be\/nl-be\/wp-content\/uploads\/sites\/5\/2023\/12\/teamfoto-1920x1080-december-2020-1024x576.png\">\n                                    <img data-src=\"https:\/\/www.brenger.be\/nl-be\/wp-content\/uploads\/sites\/5\/2023\/12\/teamfoto-1920x1080-december-2020-1024x576.png\" class=\"lazyload\">\n                                <\/picture>\n                            <\/div>\n                                            <\/div>\n                    <div class=\"col-text col col-12 col-md-6 section-space--y order-1 md:order-none\">\n                        <div class=\"split-content--text markdown\">\n                            \n\n<h2 class=\"wp-block-heading\">Wij zijn Brenger<\/h2>\n\n\n\n<p>Ons doel is om elke bestelwagen op de weg te vullen. Zo verdient de koerier meer geld, ontvangt de klant voordelige \u00e9n duurzame service en besparen we een enorme hoop aan CO2-uitstoot.<br>\n<br>\nBent je ge\u00efnspireerd en wilt y met ons samenwerken? Ga naar de \u2018Werken bij Brenger\u2019 pagina en bekijk de openstaande vacatures. Hebt je andere vragen of suggesties? Mail dan naar&nbsp;<a href=\"mailto:info@brenger.nl\"><\/a>info@brenger.be.<br>\n<br>\n<a class=\"btn\" href=\"https:\/\/brenger.recruitee.com\/\">Werken bij Brenger<\/a><\/p>\n\n                        <\/div>\n                    <\/div>\n                <\/div>\n            <\/div>\n        <\/section>\n\n\n        <section class=\"featured--transport-widget section-space--y theme--primary--light\">\n            <span class=\"land-here\" id=\"boek-jouw-transport\"><\/span>\n            <div class=\"container\">\n                <div class=\"row\">\n                    <div class=\"col-12 section-space--b--50\">\n                        <h2 class=\"no-margin\">\n                            Boek jouw transport                        <\/h2>\n                        <p class=\"pt-4\"> <\/p>\n                    <\/div>\n                <\/div>\n                <div class=\"row\">\n    <div class=\"container\">\n        <div data-brenger-tr-widget style=\"width: 100%;\" >\n            <div class=\"a\"><\/div>\n            <div class=\"b\"><\/div>\n        <\/div>\n    <\/div>\n<\/div>            <\/div>\n        <\/section>\n","protected":false},"excerpt":{"rendered":"","protected":false},"author":2,"featured_media":0,"parent":0,"menu_order":0,"comment_status":"closed","ping_status":"closed","template":"","meta":{"_improvement_type_select":"improve_an_existing","_thumb_yes_seoaic":false,"_frame_yes_seoaic":false,"seoaic_generate_description":"","seoaic_improve_instructions_prompt":"","seoaic_rollback_content_improvement":"","seoaic_idea_thumbnail_generator":"","thumbnail_generated":false,"thumbnail_generate_prompt":"","seoaic_article_description":"","inline_featured_image":false,"footnotes":""},"class_list":["post-534","page","type-page","status-publish","hentry"],"yoast_head":"<!-- This site is optimized with the Yoast SEO Premium plugin v27.4 (Yoast SEO v27.5) - https:\/\/yoast.com\/product\/yoast-seo-premium-wordpress\/ -->\n<title>Duurzaamheid - Brenger<\/title>\n<meta name=\"robots\" content=\"index, follow, max-snippet:-1, max-image-preview:large, max-video-preview:-1\" \/>\n<link rel=\"canonical\" href=\"https:\/\/www.brenger.be\/nl-be\/duurzaamheid\/\" \/>\n<meta property=\"og:locale\" content=\"nl_BE\" \/>\n<meta property=\"og:type\" content=\"article\" \/>\n<meta property=\"og:title\" content=\"Duurzaamheid\" \/>\n<meta property=\"og:url\" content=\"https:\/\/www.brenger.be\/nl-be\/duurzaamheid\/\" \/>\n<meta property=\"og:site_name\" content=\"Brenger\" \/>\n<meta property=\"article:publisher\" content=\"https:\/\/www.facebook.com\/brenger.nl\" \/>\n<meta property=\"article:modified_time\" content=\"2024-02-12T12:54:19+00:00\" \/>\n<meta name=\"twitter:card\" content=\"summary_large_image\" \/>\n<meta name=\"twitter:label1\" content=\"Est. reading time\" \/>\n\t<meta name=\"twitter:data1\" content=\"2 minutes\" \/>\n<script type=\"application\/ld+json\" class=\"yoast-schema-graph\">{\"@context\":\"https:\\\/\\\/schema.org\",\"@graph\":[{\"@type\":\"WebPage\",\"@id\":\"https:\\\/\\\/www.brenger.be\\\/nl-be\\\/duurzaamheid\\\/\",\"url\":\"https:\\\/\\\/www.brenger.be\\\/nl-be\\\/duurzaamheid\\\/\",\"name\":\"Duurzaamheid - Brenger\",\"isPartOf\":{\"@id\":\"https:\\\/\\\/www.brenger.be\\\/nl-be\\\/#website\"},\"datePublished\":\"2021-05-28T12:51:24+00:00\",\"dateModified\":\"2024-02-12T12:54:19+00:00\",\"breadcrumb\":{\"@id\":\"https:\\\/\\\/www.brenger.be\\\/nl-be\\\/duurzaamheid\\\/#breadcrumb\"},\"inLanguage\":\"nl-BE\",\"potentialAction\":[{\"@type\":\"ReadAction\",\"target\":[\"https:\\\/\\\/www.brenger.be\\\/nl-be\\\/duurzaamheid\\\/\"]}]},{\"@type\":\"BreadcrumbList\",\"@id\":\"https:\\\/\\\/www.brenger.be\\\/nl-be\\\/duurzaamheid\\\/#breadcrumb\",\"itemListElement\":[{\"@type\":\"ListItem\",\"position\":1,\"name\":\"Home\",\"item\":\"https:\\\/\\\/www.brenger.be\\\/nl-be\\\/\"},{\"@type\":\"ListItem\",\"position\":2,\"name\":\"Duurzaamheid\"}]},{\"@type\":\"WebSite\",\"@id\":\"https:\\\/\\\/www.brenger.be\\\/nl-be\\\/#website\",\"url\":\"https:\\\/\\\/www.brenger.be\\\/nl-be\\\/\",\"name\":\"Brenger\",\"description\":\"Altijd goed gebracht\",\"potentialAction\":[{\"@type\":\"SearchAction\",\"target\":{\"@type\":\"EntryPoint\",\"urlTemplate\":\"https:\\\/\\\/www.brenger.be\\\/nl-be\\\/?s={search_term_string}\"},\"query-input\":{\"@type\":\"PropertyValueSpecification\",\"valueRequired\":true,\"valueName\":\"search_term_string\"}}],\"inLanguage\":\"nl-BE\"}]}<\/script>\n<!-- \/ Yoast SEO Premium plugin. -->","yoast_head_json":{"title":"Duurzaamheid - Brenger","robots":{"index":"index","follow":"follow","max-snippet":"max-snippet:-1","max-image-preview":"max-image-preview:large","max-video-preview":"max-video-preview:-1"},"canonical":"https:\/\/www.brenger.be\/nl-be\/duurzaamheid\/","og_locale":"nl_BE","og_type":"article","og_title":"Duurzaamheid","og_url":"https:\/\/www.brenger.be\/nl-be\/duurzaamheid\/","og_site_name":"Brenger","article_publisher":"https:\/\/www.facebook.com\/brenger.nl","article_modified_time":"2024-02-12T12:54:19+00:00","twitter_card":"summary_large_image","twitter_misc":{"Est. reading time":"2 minutes"},"schema":{"@context":"https:\/\/schema.org","@graph":[{"@type":"WebPage","@id":"https:\/\/www.brenger.be\/nl-be\/duurzaamheid\/","url":"https:\/\/www.brenger.be\/nl-be\/duurzaamheid\/","name":"Duurzaamheid - Brenger","isPartOf":{"@id":"https:\/\/www.brenger.be\/nl-be\/#website"},"datePublished":"2021-05-28T12:51:24+00:00","dateModified":"2024-02-12T12:54:19+00:00","breadcrumb":{"@id":"https:\/\/www.brenger.be\/nl-be\/duurzaamheid\/#breadcrumb"},"inLanguage":"nl-BE","potentialAction":[{"@type":"ReadAction","target":["https:\/\/www.brenger.be\/nl-be\/duurzaamheid\/"]}]},{"@type":"BreadcrumbList","@id":"https:\/\/www.brenger.be\/nl-be\/duurzaamheid\/#breadcrumb","itemListElement":[{"@type":"ListItem","position":1,"name":"Home","item":"https:\/\/www.brenger.be\/nl-be\/"},{"@type":"ListItem","position":2,"name":"Duurzaamheid"}]},{"@type":"WebSite","@id":"https:\/\/www.brenger.be\/nl-be\/#website","url":"https:\/\/www.brenger.be\/nl-be\/","name":"Brenger","description":"Altijd goed gebracht","potentialAction":[{"@type":"SearchAction","target":{"@type":"EntryPoint","urlTemplate":"https:\/\/www.brenger.be\/nl-be\/?s={search_term_string}"},"query-input":{"@type":"PropertyValueSpecification","valueRequired":true,"valueName":"search_term_string"}}],"inLanguage":"nl-BE"}]}},"_links":{"self":[{"href":"https:\/\/www.brenger.be\/nl-be\/wp-json\/wp\/v2\/pages\/534","targetHints":{"allow":["GET"]}}],"collection":[{"href":"https:\/\/www.brenger.be\/nl-be\/wp-json\/wp\/v2\/pages"}],"about":[{"href":"https:\/\/www.brenger.be\/nl-be\/wp-json\/wp\/v2\/types\/page"}],"author":[{"embeddable":true,"href":"https:\/\/www.brenger.be\/nl-be\/wp-json\/wp\/v2\/users\/2"}],"replies":[{"embeddable":true,"href":"https:\/\/www.brenger.be\/nl-be\/wp-json\/wp\/v2\/comments?post=534"}],"version-history":[{"count":0,"href":"https:\/\/www.brenger.be\/nl-be\/wp-json\/wp\/v2\/pages\/534\/revisions"}],"wp:attachment":[{"href":"https:\/\/www.brenger.be\/nl-be\/wp-json\/wp\/v2\/media?parent=534"}],"curies":[{"name":"wp","href":"https:\/\/api.w.org\/{rel}","templated":true}]}}